{"id":1928,"date":"2018-07-06T13:54:00","date_gmt":"2018-07-06T16:54:00","guid":{"rendered":"http:\/\/globaltranslations-com-br.umbler.net\/politica-de-privacidade\/"},"modified":"2018-08-16T10:32:43","modified_gmt":"2018-08-16T13:32:43","slug":"politica-de-privacidade","status":"publish","type":"page","link":"https:\/\/globaltranslations.com.br\/es\/politica-de-privacidade\/","title":{"rendered":"Pol\u00edtica de privacidade"},"content":{"rendered":"<h2>Quienes somos<\/h2>\n<p>La direcci\u00f3n de nuestro sitio es: http:\/\/globaltranslations-com-br.umbler.net.<\/p>\n<h3>\u00bfQu\u00e9 datos personales recopilamos y porque<br \/>\ncomentarios<\/h3>\n<p>Cuando los visitantes dejan comentarios en el sitio, recogemos los datos mostrados en el formulario de comentarios, adem\u00e1s de la direcci\u00f3n IP y de datos del navegador del visitante, para ayudar en la detecci\u00f3n de spam.<\/p>\n<p>Una secuencia anonimizada de caracteres creada a partir de su e-mail (tambi\u00e9n llamada hash) puede enviarse a Gravatar para comprobar si utiliza el servicio. La pol\u00edtica de privacidad de Gravatar est\u00e1 disponible aqu\u00ed: https:\/\/automattic.com\/privacy\/. Despu\u00e9s de la aprobaci\u00f3n de su comentario, la foto de su perfil es visible p\u00fablicamente junto a su comentario.<\/p>\n<p>medios de comunicaci\u00f3n<br \/>\nSi env\u00eda im\u00e1genes al sitio, evite enviar las que contengan datos de ubicaci\u00f3n incrustados (EXIF GPS). Los visitantes pueden descargar estas im\u00e1genes del sitio y extraer de ellos sus datos de localizaci\u00f3n.<\/p>\n<p>Formularios de contacto<br \/>\ngalletas<br \/>\nAl dejar un comentario en el sitio, usted podr\u00e1 optar por guardar su nombre, e-mail y sitio en las cookies. Esto se refiere a su comodidad, por lo que no tendr\u00e1 que rellenar sus datos de nuevo cuando haga otro comentario. Estas cookies duran un a\u00f1o.<\/p>\n<p>Si tiene una cuenta y accede a este sitio, se crear\u00e1 una cookie temporal para determinar si su navegador acepta cookies. No contiene ning\u00fan dato personal y ser\u00e1 descartado al cerrar el navegador.<\/p>\n<p>Cuando accede a su cuenta en el sitio, tambi\u00e9n creamos varias cookies para guardar los datos de su cuenta y sus opciones de visualizaci\u00f3n de pantalla. Las cookies de inicio de sesi\u00f3n se conservan durante dos d\u00edas y las cookies de opciones de pantalla durante un a\u00f1o. Si selecciona \u00abRecordarme\u00bb, su acceso se mantendr\u00e1 durante dos semanas. Si se desconecta de su cuenta, se eliminar\u00e1n las cookies de inicio de sesi\u00f3n.<\/p>\n<p>Si edita o publica un art\u00edculo, se guardar\u00e1 una cookie adicional en su navegador. Esta cookie no incluye ning\u00fan dato personal y simplemente indica el ID del post referente al art\u00edculo que acaba de editar. Se expira despu\u00e9s de 1 d\u00eda.<\/p>\n<p>Medios integrados de otros sitios<br \/>\nLos art\u00edculos de este sitio web pueden incluir contenido incrustado, como v\u00eddeos, im\u00e1genes, art\u00edculos, etc. Los contenidos incorporados de otros sitios se comportan exactamente de la misma forma como si el visitante estuviera visitando el otro sitio.<\/p>\n<p>Estos sitios pueden recopilar datos sobre usted, utilizar cookies, incorporar rastreo adicional de terceros y supervisar su interacci\u00f3n con este contenido incrustado, incluyendo su interacci\u00f3n con el contenido incrustado si tiene una cuenta y est\u00e1 conectado al sitio.<\/p>\n<p>an\u00e1lisis<br \/>\nCon qui\u00e9n compartimos sus datos<br \/>\nPor cu\u00e1nto tiempo conservamos sus datos<br \/>\nSi usted deja un comentario, el comentario y sus metadatos se conservan indefinidamente. Lo hacemos para que sea posible reconocer y aprobar autom\u00e1ticamente cualquier comentario posterior en lugar de retenerlo para la moderaci\u00f3n.<\/p>\n<p>Para los usuarios que se registran en nuestro sitio (si existe), tambi\u00e9n guardamos la informaci\u00f3n personal que proporcionan en su perfil de usuario. Todos los usuarios pueden ver, editar o eliminar su informaci\u00f3n personal en cualquier momento (s\u00f3lo no es posible cambiar su nombre de usuario). Los administradores de sitios tambi\u00e9n pueden ver y editar esta informaci\u00f3n.<\/p>\n<p>\u00bfCu\u00e1les son sus derechos sobre sus datos<br \/>\nSi tiene una cuenta en este sitio o si ha dejado comentarios, puede solicitar un archivo exportado de los datos personales que guardamos sobre usted, incluyendo cualquier dato que nos haya proporcionado. Tambi\u00e9n puede solicitar que eliminamos cualquier dato personal que mantenemos sobre usted. Esto no incluye ningunos datos que estamos obligados a mantener para prop\u00f3sitos administrativos, legales o de seguridad.<\/p>\n<p>A d\u00f3nde enviamos sus datos<br \/>\nLos comentarios de visitantes pueden ser marcados por un servicio autom\u00e1tico de detecci\u00f3n de spam.<\/p>\n<p>Su informaci\u00f3n de contacto<br \/>\nInformaciones adicionales<br \/>\nC\u00f3mo protegemos sus datos<br \/>\n\u00bfCu\u00e1les son nuestros procedimientos contra la violaci\u00f3n de datos?<br \/>\n\u00bfDe qu\u00e9 terceros recibimos datos<br \/>\n\u00bfQu\u00e9 toma de decisiones o an\u00e1lisis de perfil automatizado hacemos con los datos de los usuarios<br \/>\nRequisitos obligatorios de divulgaci\u00f3n para su categor\u00eda profesional<\/p>\n","protected":false},"excerpt":{"rendered":"<p>Quienes somos La direcci\u00f3n de nuestro sitio es: http:\/\/globaltranslations-com-br.umbler.net. \u00bfQu\u00e9 datos personales recopilamos y porque comentarios Cuando los visitantes dejan comentarios en el sitio, recogemos los datos mostrados en el formulario de comentarios, adem\u00e1s de la direcci\u00f3n IP y de datos del navegador del visitante, para ayudar en la detecci\u00f3n de spam. Una secuencia anonimizada [&hellip;]<\/p>\n","protected":false},"author":1,"featured_media":0,"parent":0,"menu_order":0,"comment_status":"closed","ping_status":"closed","template":"","meta":{"_acf_changed":false,"footnotes":""},"class_list":["post-1928","page","type-page","status-publish","hentry"],"acf":[],"_links":{"self":[{"href":"https:\/\/globaltranslations.com.br\/es\/wp-json\/wp\/v2\/pages\/1928","targetHints":{"allow":["GET"]}}],"collection":[{"href":"https:\/\/globaltranslations.com.br\/es\/wp-json\/wp\/v2\/pages"}],"about":[{"href":"https:\/\/globaltranslations.com.br\/es\/wp-json\/wp\/v2\/types\/page"}],"author":[{"embeddable":true,"href":"https:\/\/globaltranslations.com.br\/es\/wp-json\/wp\/v2\/users\/1"}],"replies":[{"embeddable":true,"href":"https:\/\/globaltranslations.com.br\/es\/wp-json\/wp\/v2\/comments?post=1928"}],"version-history":[{"count":0,"href":"https:\/\/globaltranslations.com.br\/es\/wp-json\/wp\/v2\/pages\/1928\/revisions"}],"wp:attachment":[{"href":"https:\/\/globaltranslations.com.br\/es\/wp-json\/wp\/v2\/media?parent=1928"}],"curies":[{"name":"wp","href":"https:\/\/api.w.org\/{rel}","templated":true}]}}