{"id":8755,"date":"2023-05-18T22:16:17","date_gmt":"2023-05-19T01:16:17","guid":{"rendered":"https:\/\/globaltranslations.com.br\/?page_id=8755"},"modified":"2023-05-19T13:42:56","modified_gmt":"2023-05-19T16:42:56","slug":"blog-esp","status":"publish","type":"page","link":"https:\/\/globaltranslations.com.br\/es\/blog-esp\/","title":{"rendered":"Blog"},"content":{"rendered":"\n<h2 class=\"wp-block-heading\">GLOBAL TRANSLATIONS.BR<\/h2>\n\n\n\n<p>Entendemos la comunicaci\u00f3n como una herramienta fundamental para el desarrollo y mantenimiento de cualquier buena relaci\u00f3n. Siempre buscamos hablar y entender m\u00e1s y, por eso, creamos nuestra p\u00e1gina de contenido: para mantenernos actualizados y m\u00e1s cerca de ti. \u00a1Sigue las noticias y curiosidades de todo el mundo!<\/p>\n","protected":false},"excerpt":{"rendered":"<p>GLOBAL TRANSLATIONS.BR Entendemos la comunicaci\u00f3n como una herramienta fundamental para el desarrollo y mantenimiento de cualquier buena relaci\u00f3n. Siempre buscamos hablar y entender m\u00e1s y, por eso, creamos nuestra p\u00e1gina de contenido: para mantenernos actualizados y m\u00e1s cerca de ti. \u00a1Sigue las noticias y curiosidades de todo el mundo!<\/p>\n","protected":false},"author":13,"featured_media":0,"parent":0,"menu_order":0,"comment_status":"closed","ping_status":"closed","template":"page-blog.php","meta":{"_acf_changed":false,"footnotes":""},"class_list":["post-8755","page","type-page","status-publish","hentry"],"acf":[],"_links":{"self":[{"href":"https:\/\/globaltranslations.com.br\/es\/wp-json\/wp\/v2\/pages\/8755","targetHints":{"allow":["GET"]}}],"collection":[{"href":"https:\/\/globaltranslations.com.br\/es\/wp-json\/wp\/v2\/pages"}],"about":[{"href":"https:\/\/globaltranslations.com.br\/es\/wp-json\/wp\/v2\/types\/page"}],"author":[{"embeddable":true,"href":"https:\/\/globaltranslations.com.br\/es\/wp-json\/wp\/v2\/users\/13"}],"replies":[{"embeddable":true,"href":"https:\/\/globaltranslations.com.br\/es\/wp-json\/wp\/v2\/comments?post=8755"}],"version-history":[{"count":2,"href":"https:\/\/globaltranslations.com.br\/es\/wp-json\/wp\/v2\/pages\/8755\/revisions"}],"predecessor-version":[{"id":8781,"href":"https:\/\/globaltranslations.com.br\/es\/wp-json\/wp\/v2\/pages\/8755\/revisions\/8781"}],"wp:attachment":[{"href":"https:\/\/globaltranslations.com.br\/es\/wp-json\/wp\/v2\/media?parent=8755"}],"curies":[{"name":"wp","href":"https:\/\/api.w.org\/{rel}","templated":true}]}}